{"id":35,"date":"2022-11-11T18:17:04","date_gmt":"2022-11-11T18:17:04","guid":{"rendered":"https:\/\/www.awfy-pub.cz\/?page_id=35"},"modified":"2022-11-11T19:36:10","modified_gmt":"2022-11-11T19:36:10","slug":"kontaktni-udaje","status":"publish","type":"page","link":"https:\/\/www.awfy-pub.cz\/?page_id=35","title":{"rendered":"Kontaktn\u00ed \u00fadaje"},"content":{"rendered":"\n<h4 class=\"wp-block-heading\"><strong>Adresa<\/strong><\/h4>\n\n\n\n<p><strong><em>AWFY<\/em>&nbsp;&nbsp; Prokop<\/strong><br>Ing. Leo\u0161 Prokop<br>Dolnopo\u010dernick\u00e1 603<br>190 11&nbsp;&nbsp;PRAHA 9 \u2013 B\u011bchovice<\/p>\n\n\n\n<h4 class=\"wp-block-heading\"><strong>Telefon \/ Mobil<\/strong><\/h4>\n\n\n\n<p>Tel\/Mob: &nbsp;&nbsp;&nbsp;&nbsp;&nbsp;+420 603 420 892<\/p>\n\n\n\n<h4 class=\"wp-block-heading\"><strong>E-mail<\/strong><\/h4>\n\n\n\n<p><a href=\"mailto:awfy@awfy.cz\">awfy@awfy.cz<\/a>&nbsp;&nbsp;&nbsp;&nbsp;<a href=\"mailto:info@awfy.cz\">info@awfy.cz<\/a>&nbsp;&nbsp;&nbsp;&nbsp;<a href=\"mailto:servis@awfy.cz\">servis@awfy.cz<\/a>&nbsp;&nbsp;&nbsp;&nbsp;<a href=\"mailto:awfy@volny.cz\">awfy@volny.cz<\/a><\/p>\n\n\n\n<h4 class=\"wp-block-heading\"><strong>I\u010c, DI\u010c<\/strong><\/h4>\n\n\n\n<div class=\"wp-block-group\"><div class=\"wp-block-group__inner-container is-layout-constrained wp-block-group-is-layout-constrained\">\n<p>I\u010c:&nbsp;&nbsp;&nbsp;&nbsp;&nbsp;&nbsp;43 90 77 25<br>DI\u010c:&nbsp;&nbsp;&nbsp;CZ5712112109<\/p>\n\n\n\n<hr class=\"wp-block-separator alignwide has-alpha-channel-opacity is-style-wide\"\/>\n\n\n\n<p>Fyzick\u00e1 osoba zapsan\u00e1 v \u017divnostensk\u00e9m rejst\u0159\u00edku od 28.11.1994<br>Eviden\u010dn\u00ed \u010d\u00edslo \u017dL: 310005-113794-01<\/p>\n<\/div><\/div>\n","protected":false},"excerpt":{"rendered":"<p>Adresa AWFY&nbsp;&nbsp; ProkopIng. Leo\u0161 ProkopDolnopo\u010dernick\u00e1 603190 11&nbsp;&nbsp;PRAHA 9 \u2013 B\u011bchovice Telefon \/ Mobil Tel\/Mob: &nbsp;&nbsp;&nbsp;&nbsp;&nbsp;+420 603 420 892 E-mail awfy@awfy.cz&nbsp;&nbsp;&nbsp;&nbsp;info@awfy.cz&nbsp;&nbsp;&nbsp;&nbsp;servis@awfy.cz&nbsp;&nbsp;&nbsp;&nbsp;awfy@volny.cz I\u010c, DI\u010c I\u010c:&nbsp;&nbsp;&nbsp;&nbsp;&nbsp;&nbsp;43 90 77 25DI\u010c:&nbsp;&nbsp;&nbsp;CZ5712112109 Fyzick\u00e1 osoba zapsan\u00e1 v \u017divnostensk\u00e9m rejst\u0159\u00edku od 28.11.1994Eviden\u010dn\u00ed \u010d\u00edslo \u017dL: 310005-113794-01<\/p>\n","protected":false},"author":1,"featured_media":0,"parent":0,"menu_order":0,"comment_status":"closed","ping_status":"closed","template":"","meta":{"footnotes":""},"class_list":["post-35","page","type-page","status-publish","hentry"],"_links":{"self":[{"href":"https:\/\/www.awfy-pub.cz\/index.php?rest_route=\/wp\/v2\/pages\/35","targetHints":{"allow":["GET"]}}],"collection":[{"href":"https:\/\/www.awfy-pub.cz\/index.php?rest_route=\/wp\/v2\/pages"}],"about":[{"href":"https:\/\/www.awfy-pub.cz\/index.php?rest_route=\/wp\/v2\/types\/page"}],"author":[{"embeddable":true,"href":"https:\/\/www.awfy-pub.cz\/index.php?rest_route=\/wp\/v2\/users\/1"}],"replies":[{"embeddable":true,"href":"https:\/\/www.awfy-pub.cz\/index.php?rest_route=%2Fwp%2Fv2%2Fcomments&post=35"}],"version-history":[{"count":8,"href":"https:\/\/www.awfy-pub.cz\/index.php?rest_route=\/wp\/v2\/pages\/35\/revisions"}],"predecessor-version":[{"id":67,"href":"https:\/\/www.awfy-pub.cz\/index.php?rest_route=\/wp\/v2\/pages\/35\/revisions\/67"}],"wp:attachment":[{"href":"https:\/\/www.awfy-pub.cz\/index.php?rest_route=%2Fwp%2Fv2%2Fmedia&parent=35"}],"curies":[{"name":"wp","href":"https:\/\/api.w.org\/{rel}","templated":true}]}}