{"id":45,"date":"2022-11-11T19:00:28","date_gmt":"2022-11-11T19:00:28","guid":{"rendered":"https:\/\/www.awfy-pub.cz\/?page_id=45"},"modified":"2022-11-11T19:44:00","modified_gmt":"2022-11-11T19:44:00","slug":"nabidka","status":"publish","type":"page","link":"https:\/\/www.awfy-pub.cz\/?page_id=45","title":{"rendered":"Nab\u00eddka"},"content":{"rendered":"\n<div class=\"wp-block-group\"><div class=\"wp-block-group__inner-container is-layout-constrained wp-block-group-is-layout-constrained\">\n<div class=\"wp-block-group\"><div class=\"wp-block-group__inner-container is-layout-constrained wp-block-group-is-layout-constrained\">\n<h4 class=\"entry-content clearfix\"><strong>Slu\u017eby<\/strong><\/h4>\n<ul>\n<li>Syst\u00e9mov\u00e1 a u\u017eivatelsk\u00e1 podpora \u2013 <b>Outsourcing IT<\/b><\/li>\n<li>Komunikace, internet, ADSL, VDSL, E-mail<\/li>\n<li><b>Antivirov\u00e1 ochrana<\/b><\/li>\n<li>Konfigurace HW a SW\n<ul>\n<li>Instalace a konfigurace LAN, Wireless LAN<\/li>\n<li>Z\u00e1lohov\u00e1n\u00ed dat\/syst\u00e9m\u016f<\/li>\n<li>Modernizace technick\u00e9ho a programov\u00e9ho vybaven\u00ed<\/li>\n<li>Spr\u00e1va a dohled IS klienta<\/li>\n<li>Pravideln\u00e1 p\u00e9\u010de o technick\u00e9 prost\u0159edky<\/li>\n<li>Pro\u0161kolen\u00ed u\u017eivatel\u016f<\/li>\n<li>Telefonick\u00e1 podpora \u2013 HOTLINE<\/li>\n<li>Prodej HW \u2013 PC. periferie<\/li>\n<li>S\u00edt\u011b LAN, aktivn\u00ed prvky, wireless LAN<\/li>\n<li>Instalace, servis a opravy techniky<\/li>\n<li>Prodej, instalace a konfigurace SW vybaven\u00ed<\/li>\n<li>Instalace antivirov\u00fdch ochran<\/li>\n<\/ul>\n<\/li>\n<\/ul>\n\n\n\n<p><\/p>\n<\/div><\/div>\n<\/div><\/div>\n","protected":false},"excerpt":{"rendered":"<p>Slu\u017eby Syst\u00e9mov\u00e1 a u\u017eivatelsk\u00e1 podpora \u2013 Outsourcing IT Komunikace, internet, ADSL, VDSL, E-mail Antivirov\u00e1 ochrana Konfigurace HW a SW Instalace a konfigurace LAN, Wireless LAN Z\u00e1lohov\u00e1n\u00ed dat\/syst\u00e9m\u016f Modernizace technick\u00e9ho a programov\u00e9ho vybaven\u00ed Spr\u00e1va a dohled IS klienta Pravideln\u00e1 p\u00e9\u010de o technick\u00e9 prost\u0159edky Pro\u0161kolen\u00ed u\u017eivatel\u016f Telefonick\u00e1 podpora \u2013 HOTLINE Prodej HW \u2013 PC. periferie S\u00edt\u011b LAN, [&hellip;]<\/p>\n","protected":false},"author":1,"featured_media":0,"parent":0,"menu_order":0,"comment_status":"closed","ping_status":"closed","template":"","meta":{"footnotes":""},"class_list":["post-45","page","type-page","status-publish","hentry"],"_links":{"self":[{"href":"https:\/\/www.awfy-pub.cz\/index.php?rest_route=\/wp\/v2\/pages\/45","targetHints":{"allow":["GET"]}}],"collection":[{"href":"https:\/\/www.awfy-pub.cz\/index.php?rest_route=\/wp\/v2\/pages"}],"about":[{"href":"https:\/\/www.awfy-pub.cz\/index.php?rest_route=\/wp\/v2\/types\/page"}],"author":[{"embeddable":true,"href":"https:\/\/www.awfy-pub.cz\/index.php?rest_route=\/wp\/v2\/users\/1"}],"replies":[{"embeddable":true,"href":"https:\/\/www.awfy-pub.cz\/index.php?rest_route=%2Fwp%2Fv2%2Fcomments&post=45"}],"version-history":[{"count":13,"href":"https:\/\/www.awfy-pub.cz\/index.php?rest_route=\/wp\/v2\/pages\/45\/revisions"}],"predecessor-version":[{"id":74,"href":"https:\/\/www.awfy-pub.cz\/index.php?rest_route=\/wp\/v2\/pages\/45\/revisions\/74"}],"wp:attachment":[{"href":"https:\/\/www.awfy-pub.cz\/index.php?rest_route=%2Fwp%2Fv2%2Fmedia&parent=45"}],"curies":[{"name":"wp","href":"https:\/\/api.w.org\/{rel}","templated":true}]}}