{"id":49,"date":"2022-11-11T19:02:25","date_gmt":"2022-11-11T19:02:25","guid":{"rendered":"https:\/\/www.awfy-pub.cz\/?page_id=49"},"modified":"2022-11-11T19:02:25","modified_gmt":"2022-11-11T19:02:25","slug":"reference","status":"publish","type":"page","link":"https:\/\/www.awfy-pub.cz\/?page_id=49","title":{"rendered":"Reference"},"content":{"rendered":"\n<p><\/p>\n\n\n\n<h5 class=\"wp-block-heading\">Reference<\/h5>\n\n\n\n<ul class=\"wp-block-list\">\n<li>ABA \u2013 v\u00fdstavy a expozice<\/li>\n\n\n\n<li>\u010cSBP \u2013 \u010cesk\u00e1 spole\u010dnost pro bezpe\u010dnost pr\u00e1ce<\/li>\n\n\n\n<li>ECONeL s.r.o.<\/li>\n\n\n\n<li>Elektro Va\u0161ina<\/li>\n\n\n\n<li>Eva Strakov\u00e1 \u2013 \u00fa\u010detnictv\u00ed<\/li>\n\n\n\n<li>Generali \u010cesk\u00e1 poji\u0161\u0165ovna \u2013 Region Praha<\/li>\n\n\n\n<li>Globen Czech s.r.o.<\/li>\n\n\n\n<li>INFINITUM TRAVEL s.r.o.<\/li>\n\n\n\n<li>Interacoustics A\/S<\/li>\n\n\n\n<li>Jarom\u00edr Fridrich \u2013 izolace<\/li>\n\n\n\n<li>Krische Michal BP+PO<\/li>\n\n\n\n<li>MOBIDO s.r.o.<\/li>\n\n\n\n<li>OTICON s.r.o.<\/li>\n\n\n\n<li>PROKOP COLOR FILM<\/li>\n\n\n\n<li>REAL LOOK CZ<\/li>\n\n\n\n<li>Smith Henley Group, s.r.o.<\/li>\n\n\n\n<li>STAVBA PRAHA dru\u017estvo<\/li>\n\n\n\n<li>\u0160kolka JE\u017dE\u010cEK<\/li>\n\n\n\n<li>TRIOCAMP, s.r.o.<\/li>\n\n\n\n<li>ZAMA \u2013 Ji\u0159\u00ed Zajdl<\/li>\n\n\n\n<li>ZIPATOS, s.r.o.<\/li>\n\n\n\n<li>Z\u0160 Dube\u010d<\/li>\n<\/ul>\n","protected":false},"excerpt":{"rendered":"<p>Reference<\/p>\n","protected":false},"author":1,"featured_media":0,"parent":0,"menu_order":0,"comment_status":"closed","ping_status":"closed","template":"","meta":{"footnotes":""},"class_list":["post-49","page","type-page","status-publish","hentry"],"_links":{"self":[{"href":"https:\/\/www.awfy-pub.cz\/index.php?rest_route=\/wp\/v2\/pages\/49","targetHints":{"allow":["GET"]}}],"collection":[{"href":"https:\/\/www.awfy-pub.cz\/index.php?rest_route=\/wp\/v2\/pages"}],"about":[{"href":"https:\/\/www.awfy-pub.cz\/index.php?rest_route=\/wp\/v2\/types\/page"}],"author":[{"embeddable":true,"href":"https:\/\/www.awfy-pub.cz\/index.php?rest_route=\/wp\/v2\/users\/1"}],"replies":[{"embeddable":true,"href":"https:\/\/www.awfy-pub.cz\/index.php?rest_route=%2Fwp%2Fv2%2Fcomments&post=49"}],"version-history":[{"count":1,"href":"https:\/\/www.awfy-pub.cz\/index.php?rest_route=\/wp\/v2\/pages\/49\/revisions"}],"predecessor-version":[{"id":50,"href":"https:\/\/www.awfy-pub.cz\/index.php?rest_route=\/wp\/v2\/pages\/49\/revisions\/50"}],"wp:attachment":[{"href":"https:\/\/www.awfy-pub.cz\/index.php?rest_route=%2Fwp%2Fv2%2Fmedia&parent=49"}],"curies":[{"name":"wp","href":"https:\/\/api.w.org\/{rel}","templated":true}]}}