{"id":9,"date":"2022-11-11T17:44:29","date_gmt":"2022-11-11T17:44:29","guid":{"rendered":"https:\/\/www.awfy-pub.cz\/?page_id=9"},"modified":"2022-11-11T18:12:53","modified_gmt":"2022-11-11T18:12:53","slug":"home","status":"publish","type":"page","link":"https:\/\/www.awfy-pub.cz\/","title":{"rendered":"Home"},"content":{"rendered":"<h6><em>Ka\u017ed\u00fd probl\u00e9m lze vy\u0159e\u0161it \u2026<\/em><\/h6>\n\n\n<figure class=\"wp-block-image size-full is-resized\"><img loading=\"lazy\" decoding=\"async\" src=\"http:\/\/www.awfy-pub.cz\/wp-content\/uploads\/2022\/11\/rozbit.jpg\" alt=\"\" class=\"wp-image-6\" width=\"618\" height=\"487\" srcset=\"https:\/\/www.awfy-pub.cz\/wp-content\/uploads\/2022\/11\/rozbit.jpg 525w, https:\/\/www.awfy-pub.cz\/wp-content\/uploads\/2022\/11\/rozbit-300x236.jpg 300w\" sizes=\"auto, (max-width: 618px) 100vw, 618px\" \/><\/figure>\n\n\n\n<h6 class=\"has-text-align-right wp-block-heading\"><em>\u2026 a n\u011bkter\u00e1 \u0159e\u0161en\u00ed jsou p\u0159ekvapiv\u011b \u00fa\u010dinn\u00e1<\/em><\/h6>\n\n\n\n<p><\/p>\n\n\n\n<p><\/p>\n","protected":false},"excerpt":{"rendered":"<p>Ka\u017ed\u00fd probl\u00e9m lze vy\u0159e\u0161it \u2026 \u2026 a n\u011bkter\u00e1 \u0159e\u0161en\u00ed jsou p\u0159ekvapiv\u011b \u00fa\u010dinn\u00e1<\/p>\n","protected":false},"author":1,"featured_media":0,"parent":0,"menu_order":0,"comment_status":"closed","ping_status":"closed","template":"","meta":{"footnotes":""},"class_list":["post-9","page","type-page","status-publish","hentry"],"_links":{"self":[{"href":"https:\/\/www.awfy-pub.cz\/index.php?rest_route=\/wp\/v2\/pages\/9","targetHints":{"allow":["GET"]}}],"collection":[{"href":"https:\/\/www.awfy-pub.cz\/index.php?rest_route=\/wp\/v2\/pages"}],"about":[{"href":"https:\/\/www.awfy-pub.cz\/index.php?rest_route=\/wp\/v2\/types\/page"}],"author":[{"embeddable":true,"href":"https:\/\/www.awfy-pub.cz\/index.php?rest_route=\/wp\/v2\/users\/1"}],"replies":[{"embeddable":true,"href":"https:\/\/www.awfy-pub.cz\/index.php?rest_route=%2Fwp%2Fv2%2Fcomments&post=9"}],"version-history":[{"count":7,"href":"https:\/\/www.awfy-pub.cz\/index.php?rest_route=\/wp\/v2\/pages\/9\/revisions"}],"predecessor-version":[{"id":34,"href":"https:\/\/www.awfy-pub.cz\/index.php?rest_route=\/wp\/v2\/pages\/9\/revisions\/34"}],"wp:attachment":[{"href":"https:\/\/www.awfy-pub.cz\/index.php?rest_route=%2Fwp%2Fv2%2Fmedia&parent=9"}],"curies":[{"name":"wp","href":"https:\/\/api.w.org\/{rel}","templated":true}]}}